{"id":290,"date":"2022-10-04T21:54:06","date_gmt":"2022-10-04T19:54:06","guid":{"rendered":"http:\/\/2022.it-schiedsgericht.ch\/?page_id=290"},"modified":"2022-10-05T08:47:56","modified_gmt":"2022-10-05T06:47:56","slug":"information-fuer-it-dienstleister","status":"publish","type":"page","link":"https:\/\/www.it-schiedsgericht.ch\/?page_id=290","title":{"rendered":"Information f\u00fcr IT Dienstleister"},"content":{"rendered":"<div data-colibri-id=\"290-c1\" class=\"style-394 style-local-290-c1 position-relative\">\n  <!---->\n  <div data-colibri-component=\"section\" data-colibri-id=\"290-c2\" id=\"initial-content\" class=\"h-section h-section-global-spacing d-flex align-items-lg-center align-items-md-center align-items-center style-395 style-local-290-c2 position-relative\">\n    <!---->\n    <!---->\n    <div class=\"h-section-grid-container h-section-boxed-container\">\n      <!---->\n      <div data-colibri-id=\"290-c6\" class=\"h-row-container gutters-row-lg-2 gutters-row-md-2 gutters-row-0 gutters-row-v-lg-2 gutters-row-v-md-2 gutters-row-v-2 style-399 style-local-290-c6 position-relative\">\n        <!---->\n        <div class=\"h-row justify-content-lg-center justify-content-md-center justify-content-center align-items-lg-stretch align-items-md-stretch align-items-stretch gutters-col-lg-2 gutters-col-md-2 gutters-col-0 gutters-col-v-lg-2 gutters-col-v-md-2 gutters-col-v-2\">\n          <!---->\n          <div class=\"h-column h-column-container d-flex h-col-lg-auto h-col-md-auto h-col-auto style-400-outer style-local-290-c7-outer\">\n            <div data-colibri-id=\"290-c7\" class=\"d-flex h-flex-basis h-column__inner h-px-lg-2 h-px-md-2 h-px-2 v-inner-lg-2 v-inner-md-2 v-inner-2 style-400 style-local-290-c7 position-relative\">\n              <!---->\n              <!---->\n              <div class=\"w-100 h-y-container h-column__content h-column__v-align flex-basis-100 align-self-lg-start align-self-md-start align-self-start\">\n                <!---->\n                <div data-colibri-id=\"290-c8\" class=\"h-text h-text-component style-401 style-local-290-c8 position-relative h-element\">\n                  <!---->\n                  <!---->\n                  <div class=\"\">\n                    <p>Damit das IT Schiedsgericht in einem Fall von Uneinigkeit angerufen werden kann, m\u00fcssen s\u00e4mtliche Beteiligten Parteien auch damit einverstanden sein.\n                      <br>Es gibt folgende drei M\u00f6glichkeiten, potentielle Streitigkeiten ans IT Schiedsgericht zu tragen:\n                      <br>\n                    <\/p>\n                  <\/div>\n                <\/div>\n              <\/div>\n            <\/div>\n          <\/div>\n        <\/div>\n      <\/div>\n      <div data-colibri-id=\"290-c9\" class=\"h-row-container gutters-row-lg-2 gutters-row-md-2 gutters-row-0 gutters-row-v-lg-2 gutters-row-v-md-2 gutters-row-v-2 style-403 style-local-290-c9 position-relative\">\n        <!---->\n        <div class=\"h-row justify-content-lg-center justify-content-md-center justify-content-center align-items-lg-stretch align-items-md-stretch align-items-stretch gutters-col-lg-2 gutters-col-md-2 gutters-col-0 gutters-col-v-lg-2 gutters-col-v-md-2 gutters-col-v-2\">\n          <!---->\n          <div class=\"h-column h-column-container d-flex h-col-lg-auto h-col-md-auto h-col-auto style-404-outer style-local-290-c10-outer\">\n            <div data-colibri-id=\"290-c10\" class=\"d-flex h-flex-basis h-column__inner h-px-lg-2 h-px-md-2 h-px-2 v-inner-lg-2 v-inner-md-2 v-inner-2 style-404 style-local-290-c10 position-relative\">\n              <!---->\n              <!---->\n              <div class=\"w-100 h-y-container h-column__content h-column__v-align flex-basis-100 align-self-lg-start align-self-md-start align-self-start\">\n                <!---->\n                <div data-colibri-id=\"290-c11\" class=\"icon-list d-flex justify-content-lg-start justify-content-md-start justify-content-start style-402 style-local-290-c11 position-relative h-element\">\n                  <!---->\n                  <ul class=\"ul-list-icon vertical-on-desktop vertical-on-tablet vertical-on-mobile justify-content-lg-start justify-content-md-start justify-content-start\">\n                    <!---->\n                    <li class=\"list-item no-gutters\">\n                      <!---->\n                      <div class=\"list-container-divider d-flex justify-content-lg-start justify-content-md-start justify-content-start first-el-spacer\"><\/div> <span class=\"item-link no-gutters\"><div class=\"d-flex h-col no-gutters align-items-lg-center align-items-md-center align-items-center list-item-text-wrapper\"><div class=\"d-flex\"><span  class=\"h-svg-icon style-402-icon style-local-290-c11-icon\"><!--Icon by Font Awesome (https:\/\/fontawesome.com)-->\n    <svg version=\"1.1\" xmlns=\"http:\/\/www.w3.org\/2000\/svg\" xmlns:xlink=\"http:\/\/www.w3.org\/1999\/xlink\" id=\"info-circle\" viewBox=\"0 0 1536 1896.0833\">\n      <path d=\"M1024 1376v-160q0-14-9-23t-23-9h-96V672q0-14-9-23t-23-9H544q-14 0-23 9t-9 23v160q0 14 9 23t23 9h96v320h-96q-14 0-23 9t-9 23v160q0 14 9 23t23 9h448q14 0 23-9t9-23zM896 480V320q0-14-9-23t-23-9H672q-14 0-23 9t-9 23v160q0 14 9 23t23 9h192q14 0 23-9t9-23zm640 416q0 209-103 385.5T1153.5 1561 768 1664t-385.5-103T103 1281.5 0 896t103-385.5T382.5 231 768 128t385.5 103T1433 510.5 1536 896z\"><\/path>\n    <\/svg><\/span><\/div> <span class=\"list-text d-block\"><span>Die einfachste Variante ist, dass man die Schiedsklausel fest in die AGBs (Allgemeinen Gesch\u00e4ftsbedingungen) aufnimmt. So werden &#171;automatisch&#187; s\u00e4mtliche Auseinandersetzungen direkt an das IT Schiedsgericht adressiert.<\/span><\/span>\n              <\/div>\n              <\/span>\n              <div class=\"list-container-divider d-flex justify-content-lg-start justify-content-md-start justify-content-start\">\n                <!---->\n              <\/div>\n              <\/li>\n              <li class=\"list-item no-gutters\">\n                <!---->\n                <!----><span class=\"item-link no-gutters\"><div class=\"d-flex h-col no-gutters align-items-lg-center align-items-md-center align-items-center list-item-text-wrapper\"><div class=\"d-flex\"><span  class=\"h-svg-icon style-402-icon style-local-290-c11-icon\"><!--Icon by Font Awesome (https:\/\/fontawesome.com)-->\n    <svg version=\"1.1\" xmlns=\"http:\/\/www.w3.org\/2000\/svg\" xmlns:xlink=\"http:\/\/www.w3.org\/1999\/xlink\" id=\"info-circle\" viewBox=\"0 0 1536 1896.0833\">\n      <path d=\"M1024 1376v-160q0-14-9-23t-23-9h-96V672q0-14-9-23t-23-9H544q-14 0-23 9t-9 23v160q0 14 9 23t23 9h96v320h-96q-14 0-23 9t-9 23v160q0 14 9 23t23 9h448q14 0 23-9t9-23zM896 480V320q0-14-9-23t-23-9H672q-14 0-23 9t-9 23v160q0 14 9 23t23 9h192q14 0 23-9t9-23zm640 416q0 209-103 385.5T1153.5 1561 768 1664t-385.5-103T103 1281.5 0 896t103-385.5T382.5 231 768 128t385.5 103T1433 510.5 1536 896z\"><\/path>\n    <\/svg><\/span><\/div> <span class=\"list-text d-block\"><span>Sie k\u00f6nnen pro Vertragsabschluss (bspw. Auftragsbest\u00e4tigung) die Schiedsklausel einf\u00fcgen. So werden m\u00f6gliche Streitigkeiten innerhalb dieses Auftrags am IT Schiedsgericht behandelt.<\/span><\/span>\n          <\/div>\n          <\/span>\n          <div class=\"list-container-divider d-flex justify-content-lg-start justify-content-md-start justify-content-start\">\n            <!---->\n          <\/div>\n          <\/li>\n          <li class=\"list-item no-gutters\">\n            <!---->\n            <!----><span class=\"item-link no-gutters\"><div class=\"d-flex h-col no-gutters align-items-lg-center align-items-md-center align-items-center list-item-text-wrapper\"><div class=\"d-flex\"><span  class=\"h-svg-icon style-402-icon style-local-290-c11-icon\"><!--Icon by Font Awesome (https:\/\/fontawesome.com)-->\n    <svg version=\"1.1\" xmlns=\"http:\/\/www.w3.org\/2000\/svg\" xmlns:xlink=\"http:\/\/www.w3.org\/1999\/xlink\" id=\"info-circle\" viewBox=\"0 0 1536 1896.0833\">\n      <path d=\"M1024 1376v-160q0-14-9-23t-23-9h-96V672q0-14-9-23t-23-9H544q-14 0-23 9t-9 23v160q0 14 9 23t23 9h96v320h-96q-14 0-23 9t-9 23v160q0 14 9 23t23 9h448q14 0 23-9t9-23zM896 480V320q0-14-9-23t-23-9H672q-14 0-23 9t-9 23v160q0 14 9 23t23 9h192q14 0 23-9t9-23zm640 416q0 209-103 385.5T1153.5 1561 768 1664t-385.5-103T103 1281.5 0 896t103-385.5T382.5 231 768 128t385.5 103T1433 510.5 1536 896z\"><\/path>\n    <\/svg><\/span><\/div> <span class=\"list-text d-block\"><span>Haben Sie vor Eintreten eines m\u00f6glichen Rechtstreits keine Vereinabarung getroffen und m\u00f6chten Ihre Angelegenheit am IT Schiedsgericht beurteilen und abhandeln lassen, so m\u00fcssen sich alle Beteiligten einig sein und das unterzeichnete GESUCH einreichen.<\/span><\/span>\n      <\/div>\n      <\/span>\n      <div class=\"list-container-divider d-flex justify-content-lg-start justify-content-md-start justify-content-start\" style=\"display: none;\">\n        <!---->\n      <\/div>\n      <div class=\"list-container-divider d-flex justify-content-lg-start justify-content-md-start justify-content-start last-el-spacer\"><\/div>\n      <\/li>\n      <\/ul>\n    <\/div>\n  <\/div>\n<\/div>\n<\/div>\n<\/div>\n<\/div>\n<div data-colibri-id=\"290-c3\" class=\"h-row-container gutters-row-lg-2 gutters-row-md-2 gutters-row-0 gutters-row-v-lg-2 gutters-row-v-md-2 gutters-row-v-2 style-396 style-local-290-c3 position-relative\">\n  <!---->\n  <div class=\"h-row justify-content-lg-center justify-content-md-center justify-content-center align-items-lg-stretch align-items-md-stretch align-items-stretch gutters-col-lg-2 gutters-col-md-2 gutters-col-0 gutters-col-v-lg-2 gutters-col-v-md-2 gutters-col-v-2\">\n    <!---->\n    <div class=\"h-column h-column-container d-flex h-col-lg-auto h-col-md-auto h-col-auto style-397-outer style-local-290-c4-outer\">\n      <div data-colibri-id=\"290-c4\" class=\"d-flex h-flex-basis h-column__inner h-px-lg-2 h-px-md-2 h-px-2 v-inner-lg-2 v-inner-md-2 v-inner-2 style-397 style-local-290-c4 position-relative\">\n        <!---->\n        <!---->\n        <div class=\"w-100 h-y-container h-column__content h-column__v-align flex-basis-100 align-self-lg-start align-self-md-start align-self-start\">\n          <!---->\n          <div data-colibri-id=\"290-c5\" class=\"style-398 style-local-290-c5 position-relative h-element\">\n            <!---->\n            <div>\n              \n              <p>Erg\u00e4nzen Sie <\/p>\n              \n            <\/div>\n          <\/div>\n          <div data-colibri-id=\"290-c12\" class=\"icon-list d-flex justify-content-lg-start justify-content-md-start justify-content-start style-405 style-local-290-c12 position-relative h-element\">\n            <!---->\n            <ul class=\"ul-list-icon vertical-on-desktop vertical-on-tablet vertical-on-mobile justify-content-lg-start justify-content-md-start justify-content-start\">\n              <!---->\n              <li class=\"list-item no-gutters\">\n                <!---->\n                <div class=\"list-container-divider d-flex justify-content-lg-start justify-content-md-start justify-content-start first-el-spacer\"><\/div>\n                <a href=\"https:\/\/www.it-schiedsgericht.ch\/wp-content\/uploads\/2022\/10\/Schiedsklausel.pdf\" target=\"_blank\" h-use-smooth-scroll=\"true\" class=\"item-link no-gutters\" rel=\"noopener\">\n                  <div class=\"d-flex h-col no-gutters align-items-lg-center align-items-md-center align-items-center list-item-text-wrapper\">\n                    <div class=\"d-flex\"><span class=\"h-svg-icon style-405-icon style-local-290-c12-icon\"><!--Icon by Font Awesome (https:\/\/fontawesome.com)-->\n    <svg version=\"1.1\" xmlns=\"http:\/\/www.w3.org\/2000\/svg\" xmlns:xlink=\"http:\/\/www.w3.org\/1999\/xlink\" id=\"check\" viewBox=\"0 0 1792 1896.0833\">\n      <path d=\"M1671 566q0 40-28 68l-724 724-136 136q-28 28-68 28t-68-28l-136-136-362-362q-28-28-28-68t28-68l136-136q28-28 68-28t68 28l294 295 656-657q28-28 68-28t68 28l136 136q28 28 28 68z\"><\/path>\n    <\/svg><\/span><\/div> <span class=\"list-text d-block\"><span>Schiedsklausel<\/span><\/span>\n                  <\/div>\n                <\/a>\n                <div class=\"list-container-divider d-flex justify-content-lg-start justify-content-md-start justify-content-start\">\n                  <!---->\n                <\/div>\n              <\/li>\n              <li class=\"list-item no-gutters\">\n                <!---->\n                <!---->\n                <a href=\"https:\/\/www.it-schiedsgericht.ch\/wp-content\/uploads\/2022\/10\/ITSG-Gesuch.pdf\" target=\"_blank\" h-use-smooth-scroll=\"true\" class=\"item-link no-gutters\" rel=\"noopener\">\n                  <div class=\"d-flex h-col no-gutters align-items-lg-center align-items-md-center align-items-center list-item-text-wrapper\">\n                    <div class=\"d-flex\"><span class=\"h-svg-icon style-405-icon style-local-290-c12-icon\"><!--Icon by Font Awesome (https:\/\/fontawesome.com)-->\n    <svg version=\"1.1\" xmlns=\"http:\/\/www.w3.org\/2000\/svg\" xmlns:xlink=\"http:\/\/www.w3.org\/1999\/xlink\" id=\"check\" viewBox=\"0 0 1792 1896.0833\">\n      <path d=\"M1671 566q0 40-28 68l-724 724-136 136q-28 28-68 28t-68-28l-136-136-362-362q-28-28-28-68t28-68l136-136q28-28 68-28t68 28l294 295 656-657q28-28 68-28t68 28l136 136q28 28 28 68z\"><\/path>\n    <\/svg><\/span><\/div> <span class=\"list-text d-block\"><span>ITSG &#8211; Gesuch<\/span><\/span>\n                  <\/div>\n                <\/a>\n                <div class=\"list-container-divider d-flex justify-content-lg-start justify-content-md-start justify-content-start\" style=\"display: none;\">\n                  <!---->\n                <\/div>\n                <div class=\"list-container-divider d-flex justify-content-lg-start justify-content-md-start justify-content-start last-el-spacer\"><\/div>\n              <\/li>\n            <\/ul>\n          <\/div>\n        <\/div>\n      <\/div>\n    <\/div>\n  <\/div>\n<\/div>\n<\/div>\n<\/div>\n<\/div>","protected":false},"excerpt":{"rendered":"<p>Damit das IT Schiedsgericht in einem Fall von Uneinigkeit angerufen werden kann, m\u00fcssen s\u00e4mtliche Beteiligten Parteien auch damit einverstanden sein. Es gibt folgende drei M\u00f6glichkeiten, potentielle Streitigkeiten ans IT Schiedsgericht zu tragen: Die einfachste Variante ist, dass man die Schiedsklausel fest in die AGBs (Allgemeinen Gesch\u00e4ftsbedingungen) aufnimmt. So werden &#171;automatisch&#187; s\u00e4mtliche Auseinandersetzungen direkt an das [&hellip;]<\/p>\n","protected":false},"author":1,"featured_media":0,"parent":0,"menu_order":0,"comment_status":"closed","ping_status":"closed","template":"page-templates\/full-width-page.php","meta":{"footnotes":""},"class_list":["post-290","page","type-page","status-publish","hentry"],"_links":{"self":[{"href":"https:\/\/www.it-schiedsgericht.ch\/index.php?rest_route=\/wp\/v2\/pages\/290","targetHints":{"allow":["GET"]}}],"collection":[{"href":"https:\/\/www.it-schiedsgericht.ch\/index.php?rest_route=\/wp\/v2\/pages"}],"about":[{"href":"https:\/\/www.it-schiedsgericht.ch\/index.php?rest_route=\/wp\/v2\/types\/page"}],"author":[{"embeddable":true,"href":"https:\/\/www.it-schiedsgericht.ch\/index.php?rest_route=\/wp\/v2\/users\/1"}],"replies":[{"embeddable":true,"href":"https:\/\/www.it-schiedsgericht.ch\/index.php?rest_route=%2Fwp%2Fv2%2Fcomments&post=290"}],"version-history":[{"count":5,"href":"https:\/\/www.it-schiedsgericht.ch\/index.php?rest_route=\/wp\/v2\/pages\/290\/revisions"}],"predecessor-version":[{"id":318,"href":"https:\/\/www.it-schiedsgericht.ch\/index.php?rest_route=\/wp\/v2\/pages\/290\/revisions\/318"}],"wp:attachment":[{"href":"https:\/\/www.it-schiedsgericht.ch\/index.php?rest_route=%2Fwp%2Fv2%2Fmedia&parent=290"}],"curies":[{"name":"wp","href":"https:\/\/api.w.org\/{rel}","templated":true}]}}